{"id":2094,"date":"2023-12-14T13:41:47","date_gmt":"2023-12-14T12:41:47","guid":{"rendered":"https:\/\/rosenstand.dev2.webko.io\/?page_id=2094"},"modified":"2024-01-23T13:08:58","modified_gmt":"2024-01-23T12:08:58","slug":"maskiningenjor-i-skanderborg","status":"publish","type":"page","link":"https:\/\/rosenstand-as.dk\/sv\/karriere\/ledige-stillinger\/maskiningenioer-i-skanderborg\/","title":{"rendered":"Maskiningeni\u00f8r i Skanderborg"},"content":{"rendered":"<section class=\"bde-section-2094-100 bde-section\">\n  \n  \n\t\n\n\n\n<div class=\"section-container\"><div class=\"bde-div-2094-101 bde-div\" data-entrance=\"slideUp\">\n  \n  \n\t\n\n\n\n<div class=\"bde-breadcrumbs-2094-102 bde-breadcrumbs\"><span><span><a href=\"https:\/\/rosenstand-as.dk\/sv\/\">Startsida<\/a><\/span><\/span><\/div><h1 class=\"bde-heading-2094-103 bde-heading\">\nMaskiningeni\u00f8r i Skanderborg? Vi har jobbet til dig!\n<\/h1><div class=\"bde-text-2094-104 bde-text\">\nAns\u00f8gningsfrist: Snarest muligt\n<\/div>\n<\/div><\/div>\n<\/section><section class=\"bde-section-2094-108 bde-section\">\n  \n  \n\t\n\n\n\n<div class=\"section-container\"><div class=\"bde-rich-text-2094-110 bde-rich-text breakdance-rich-text-styles\">\n<h3>Elsker du en afvekslende dagligdag, og vil du gerne bruge hele \u201dmaskiningeni\u00f8r-v\u00e6rkt\u00f8jskassen\u201d?<\/h3><p>Hos Rosenstand A\/S kan vi tilbyde dig en masse ansvar og et st\u00e6rkt fagligt og socialt f\u00e6llesskab.&nbsp;P\u00e5 vores kontorer i Skanderborg og Nyk\u00f6ping&nbsp;l\u00f8ser vi mange og meget forskelligartede mekaniske udviklingsprojekter - det sikrer en sp\u00e6ndende og varieret hverdag.<\/p><h4>Hvem er Rosenstand A\/S?<\/h4><p>Rosenstand A\/S er en ung virksomhed med et solidt kundegrundlag. Vi konstruerer mekaniske produkter og udstyr \u2013 eksempelvis stort grej til vindm\u00f8llebranchen, robotceller og finmekanik. Vi har kunder i b\u00e5de Danmark og Sverige.<\/p><p>Vi er et st\u00e6rkt team af erfarne maskiningeni\u00f8rer, som arbejder t\u00e6t sammen. Vi er del af et moderne kontorf\u00e6llesskab i Skanderborg, hvor alle faciliteter og kantinen er tiptop.<\/p><h4>Stilling<\/h4><p>Du kommer til at deltage i meget varierende udviklingsprojekter. Du er med helt fra konceptstadiet til implementering af dine tegninger. Vores kunder st\u00e5r selv for fremstilling.<\/p><p>Du vil komme til at konstruere mekaniske produkter, produktionsudstyr samt l\u00f8fte- og transportudstyr, og dine daglige arbejdsopgaver kommer blandt andet til at best\u00e5 af:<\/p><p>&nbsp; &nbsp; &nbsp; 1. konceptudvikling af mekanisk udstyr i t\u00e6t samarbejde med vores kunder<br>&nbsp; &nbsp; &nbsp; 2. teknisk projektledelse og kvalitetssikring af vores leverancer<br>&nbsp; &nbsp; &nbsp; 3. konstruktion og m\u00e5ske beregning af mekaniske l\u00f8sninger.<\/p><p>Alt dit arbejde vil foreg\u00e5 i t\u00e6t samarbejde mellem kunder og maskiningeni\u00f8r-kollegaer p\u00e5 kontoret, og udg\u00f8r et solidt grundlag for faglig udvikling.<\/p><p>Du vil ogs\u00e5 komme til at st\u00e5 for den direkte kommunikation med vores kunder og leverand\u00f8rer.<\/p><h4>Kompetencer og profil<\/h4><p>Du er en god holdkammerat, som spreder godt hum\u00f8r og som arbejder ansvarsfuldt og fokuseret. Du f\u00e5r ansvar fra dag \u00e9t og vi forventer, at du villig til at l\u00e6re og udvikle dig i takt med opgavernes kompleksitet.&nbsp;<\/p><p>Du er uddannet maskiningeni\u00f8r og har en del \u00e5rs konstruktionserfaring, s\u00e5 at du kan arbejde selvst\u00e6ndigt og dele din ekspertise med de yngre ingeni\u00f8rer. Det er en fordel, hvis du har erfaring med konstruktion af \u201dHeavy duty udstyr\u201d eller l\u00f8fte- og transportudstyr, men det er ikke et krav.<\/p><h4>Hvad tilbyder vi?<\/h4><p>En hverdag med god stemning og mulighed for at udvikle sig fagligt. Du f\u00e5r en attraktiv l\u00f8n, som matcher dine kvalifikationer, en god kantineordning og adgang til tr\u00e6ningscenteret i vores kontorf\u00e6llesskab. Blandt os kolleger finder du vin-entusiaster, cykeln\u00f8rder, Formel 1 fans og meget mere \u2013 s\u00e5 der er lidt at snakke om.&nbsp;<\/p><h4>Tiltr\u00e6delse og ans\u00f8gning<\/h4><p>Ans\u00f8gningsfrist snarest muligt, mhp. tiltr\u00e6delse hurtigst muligt \u2013 men vi venter gerne p\u00e5 den rette. Ans\u00e6ttelsessamtaler afholdes l\u00f8bende. Ans\u00f8gning bedes rettet til: adm. direkt\u00f8r Steen Rosenstand, Mail:&nbsp;<a href=\"mailto:sro@rosenstand-as.dk\"><u>fgu@rosenstand-as.dk<\/u><\/a><\/p><p>Ring p\u00e5 26 25 88 89 hvis du har sp\u00f8rgsm\u00e5l.<\/p>\n<\/div><div class=\"bde-button-2094-111 bde-button\">\n    \n                        \n                        \n    \n    \n    \n    \n            \n                    \n            \n            \n\n    \n    \n    \n    \n    \n    <a class=\"breakdance-link button-atom button-atom--primary bde-button__button\" href=\"https:\/\/rosenstand-as.dk\/sv\/karriar\/\" target=\"_self\" data-type=\"url\"  >\n\n    \n        <span class=\"button-atom__text\">G\u00e5 tilbage til ledige stillinger<\/span>\n\n        \n        \n                <\/a>\n\n    \n\n\n<\/div><\/div>\n<\/section>","protected":false},"excerpt":{"rendered":"<p>Forside Maskiningeni\u00f8r i Skanderborg? Vi har jobbet til dig! Ans\u00f8gningsfrist: Snarest muligt Elsker du en afvekslende dagligdag, og vil du gerne bruge hele \u201dmaskiningeni\u00f8r-v\u00e6rkt\u00f8jskassen\u201d?Hos Rosenstand A\/S kan vi tilbyde dig en masse ansvar og et st\u00e6rkt fagligt og socialt f\u00e6llesskab.&nbsp;P\u00e5 vores kontorer i Skanderborg og Nyk\u00f6ping&nbsp;l\u00f8ser vi mange og meget forskelligartede mekaniske udviklingsprojekter &#8211; det [&hellip;]<\/p>\n","protected":false},"author":4,"featured_media":0,"parent":2619,"menu_order":0,"comment_status":"closed","ping_status":"closed","template":"","meta":{"_acf_changed":false,"_breakdance_hide_in_design_set":false,"_breakdance_tags":"","footnotes":""},"class_list":["post-2094","page","type-page","status-publish","hentry"],"acf":[],"yoast_head":"<!-- This site is optimized with the Yoast SEO plugin v27.1.1 - https:\/\/yoast.com\/product\/yoast-seo-wordpress\/ -->\n<title>ROSENSTAND - Maskiningeni\u00f8r i Skanderborg<\/title>\n<meta name=\"robots\" content=\"index, follow, max-snippet:-1, max-image-preview:large, max-video-preview:-1\" \/>\n<link rel=\"canonical\" href=\"https:\/\/rosenstand-as.dk\/sv\/karriar\/tillgangliga-jobb\/maskiningenjor-i-skanderborg\/\" \/>\n<meta property=\"og:locale\" content=\"sv_SE\" \/>\n<meta property=\"og:type\" content=\"article\" \/>\n<meta property=\"og:title\" content=\"ROSENSTAND - Maskiningeni\u00f8r i Skanderborg\" \/>\n<meta property=\"og:description\" content=\"Forside Maskiningeni\u00f8r i Skanderborg? Vi har jobbet til dig! Ans\u00f8gningsfrist: Snarest muligt Elsker du en afvekslende dagligdag, og vil du gerne bruge hele \u201dmaskiningeni\u00f8r-v\u00e6rkt\u00f8jskassen\u201d?Hos Rosenstand A\/S kan vi tilbyde dig en masse ansvar og et st\u00e6rkt fagligt og socialt f\u00e6llesskab.&nbsp;P\u00e5 vores kontorer i Skanderborg og Nyk\u00f6ping&nbsp;l\u00f8ser vi mange og meget forskelligartede mekaniske udviklingsprojekter - det [&hellip;]\" \/>\n<meta property=\"og:url\" content=\"https:\/\/rosenstand-as.dk\/sv\/karriar\/tillgangliga-jobb\/maskiningenjor-i-skanderborg\/\" \/>\n<meta property=\"og:site_name\" content=\"ROSENSTAND\" \/>\n<meta property=\"article:modified_time\" content=\"2024-01-23T12:08:58+00:00\" \/>\n<meta name=\"twitter:card\" content=\"summary_large_image\" \/>\n<script type=\"application\/ld+json\" class=\"yoast-schema-graph\">{\"@context\":\"https:\/\/schema.org\",\"@graph\":[{\"@type\":\"WebPage\",\"@id\":\"https:\/\/rosenstand-as.dk\/karriere\/ledige-stillinger\/maskiningenioer-i-skanderborg\/\",\"url\":\"https:\/\/rosenstand-as.dk\/karriere\/ledige-stillinger\/maskiningenioer-i-skanderborg\/\",\"name\":\"ROSENSTAND - Maskiningeni\u00f8r i Skanderborg\",\"isPartOf\":{\"@id\":\"https:\/\/rosenstand-as.dk\/#website\"},\"datePublished\":\"2023-12-14T12:41:47+00:00\",\"dateModified\":\"2024-01-23T12:08:58+00:00\",\"breadcrumb\":{\"@id\":\"https:\/\/rosenstand-as.dk\/karriere\/ledige-stillinger\/maskiningenioer-i-skanderborg\/#breadcrumb\"},\"inLanguage\":\"sv-SE\",\"potentialAction\":[{\"@type\":\"ReadAction\",\"target\":[\"https:\/\/rosenstand-as.dk\/karriere\/ledige-stillinger\/maskiningenioer-i-skanderborg\/\"]}]},{\"@type\":\"BreadcrumbList\",\"@id\":\"https:\/\/rosenstand-as.dk\/karriere\/ledige-stillinger\/maskiningenioer-i-skanderborg\/#breadcrumb\",\"itemListElement\":[{\"@type\":\"ListItem\",\"position\":1,\"name\":\"Forside\",\"item\":\"https:\/\/rosenstand-as.dk\/\"},{\"@type\":\"ListItem\",\"position\":2,\"name\":\"Karriere\",\"item\":\"https:\/\/rosenstand-as.dk\/karriere\/\"},{\"@type\":\"ListItem\",\"position\":3,\"name\":\"Ledige stillinger\",\"item\":\"https:\/\/rosenstand-as.dk\/karriere\/ledige-stillinger\/\"},{\"@type\":\"ListItem\",\"position\":4,\"name\":\"Maskiningeni\u00f8r i Skanderborg\"}]},{\"@type\":\"WebSite\",\"@id\":\"https:\/\/rosenstand-as.dk\/#website\",\"url\":\"https:\/\/rosenstand-as.dk\/\",\"name\":\"ROSENSTAND\",\"description\":\"Engineering\",\"potentialAction\":[{\"@type\":\"SearchAction\",\"target\":{\"@type\":\"EntryPoint\",\"urlTemplate\":\"https:\/\/rosenstand-as.dk\/?s={search_term_string}\"},\"query-input\":{\"@type\":\"PropertyValueSpecification\",\"valueRequired\":true,\"valueName\":\"search_term_string\"}}],\"inLanguage\":\"sv-SE\"}]}<\/script>\n<!-- \/ Yoast SEO plugin. -->","yoast_head_json":{"title":"ROSENSTAND - Maskiningeni\u00f8r i Skanderborg","robots":{"index":"index","follow":"follow","max-snippet":"max-snippet:-1","max-image-preview":"max-image-preview:large","max-video-preview":"max-video-preview:-1"},"canonical":"https:\/\/rosenstand-as.dk\/sv\/karriar\/tillgangliga-jobb\/maskiningenjor-i-skanderborg\/","og_locale":"sv_SE","og_type":"article","og_title":"ROSENSTAND - Maskiningeni\u00f8r i Skanderborg","og_description":"Forside Maskiningeni\u00f8r i Skanderborg? Vi har jobbet til dig! Ans\u00f8gningsfrist: Snarest muligt Elsker du en afvekslende dagligdag, og vil du gerne bruge hele \u201dmaskiningeni\u00f8r-v\u00e6rkt\u00f8jskassen\u201d?Hos Rosenstand A\/S kan vi tilbyde dig en masse ansvar og et st\u00e6rkt fagligt og socialt f\u00e6llesskab.&nbsp;P\u00e5 vores kontorer i Skanderborg og Nyk\u00f6ping&nbsp;l\u00f8ser vi mange og meget forskelligartede mekaniske udviklingsprojekter - det [&hellip;]","og_url":"https:\/\/rosenstand-as.dk\/sv\/karriar\/tillgangliga-jobb\/maskiningenjor-i-skanderborg\/","og_site_name":"ROSENSTAND","article_modified_time":"2024-01-23T12:08:58+00:00","twitter_card":"summary_large_image","schema":{"@context":"https:\/\/schema.org","@graph":[{"@type":"WebPage","@id":"https:\/\/rosenstand-as.dk\/karriere\/ledige-stillinger\/maskiningenioer-i-skanderborg\/","url":"https:\/\/rosenstand-as.dk\/karriere\/ledige-stillinger\/maskiningenioer-i-skanderborg\/","name":"ROSENSTAND - Maskiningeni\u00f8r i Skanderborg","isPartOf":{"@id":"https:\/\/rosenstand-as.dk\/#website"},"datePublished":"2023-12-14T12:41:47+00:00","dateModified":"2024-01-23T12:08:58+00:00","breadcrumb":{"@id":"https:\/\/rosenstand-as.dk\/karriere\/ledige-stillinger\/maskiningenioer-i-skanderborg\/#breadcrumb"},"inLanguage":"sv-SE","potentialAction":[{"@type":"ReadAction","target":["https:\/\/rosenstand-as.dk\/karriere\/ledige-stillinger\/maskiningenioer-i-skanderborg\/"]}]},{"@type":"BreadcrumbList","@id":"https:\/\/rosenstand-as.dk\/karriere\/ledige-stillinger\/maskiningenioer-i-skanderborg\/#breadcrumb","itemListElement":[{"@type":"ListItem","position":1,"name":"Forside","item":"https:\/\/rosenstand-as.dk\/"},{"@type":"ListItem","position":2,"name":"Karriere","item":"https:\/\/rosenstand-as.dk\/karriere\/"},{"@type":"ListItem","position":3,"name":"Ledige stillinger","item":"https:\/\/rosenstand-as.dk\/karriere\/ledige-stillinger\/"},{"@type":"ListItem","position":4,"name":"Maskiningeni\u00f8r i Skanderborg"}]},{"@type":"WebSite","@id":"https:\/\/rosenstand-as.dk\/#website","url":"https:\/\/rosenstand-as.dk\/","name":"ROSENSTAND","description":"Engineering","potentialAction":[{"@type":"SearchAction","target":{"@type":"EntryPoint","urlTemplate":"https:\/\/rosenstand-as.dk\/?s={search_term_string}"},"query-input":{"@type":"PropertyValueSpecification","valueRequired":true,"valueName":"search_term_string"}}],"inLanguage":"sv-SE"}]}},"_links":{"self":[{"href":"https:\/\/rosenstand-as.dk\/sv\/wp-json\/wp\/v2\/pages\/2094","targetHints":{"allow":["GET"]}}],"collection":[{"href":"https:\/\/rosenstand-as.dk\/sv\/wp-json\/wp\/v2\/pages"}],"about":[{"href":"https:\/\/rosenstand-as.dk\/sv\/wp-json\/wp\/v2\/types\/page"}],"author":[{"embeddable":true,"href":"https:\/\/rosenstand-as.dk\/sv\/wp-json\/wp\/v2\/users\/4"}],"replies":[{"embeddable":true,"href":"https:\/\/rosenstand-as.dk\/sv\/wp-json\/wp\/v2\/comments?post=2094"}],"version-history":[{"count":18,"href":"https:\/\/rosenstand-as.dk\/sv\/wp-json\/wp\/v2\/pages\/2094\/revisions"}],"predecessor-version":[{"id":2201,"href":"https:\/\/rosenstand-as.dk\/sv\/wp-json\/wp\/v2\/pages\/2094\/revisions\/2201"}],"up":[{"embeddable":true,"href":"https:\/\/rosenstand-as.dk\/sv\/wp-json\/wp\/v2\/pages\/2619"}],"wp:attachment":[{"href":"https:\/\/rosenstand-as.dk\/sv\/wp-json\/wp\/v2\/media?parent=2094"}],"curies":[{"name":"wp","href":"https:\/\/api.w.org\/{rel}","templated":true}]}}