{"id":2619,"date":"2024-01-23T13:08:49","date_gmt":"2024-01-23T12:08:49","guid":{"rendered":"https:\/\/rosenstand.dev2.webko.io\/?page_id=2619"},"modified":"2024-01-23T13:12:58","modified_gmt":"2024-01-23T12:12:58","slug":"tillgangliga-jobb","status":"publish","type":"page","link":"https:\/\/rosenstand-as.dk\/sv\/karriere\/ledige-stillinger\/","title":{"rendered":"Tillg\u00e4ngliga jobb"},"content":{"rendered":"<section class=\"bde-section-2619-100 bde-section\">\n  \n  \n\t\n\n\n\n<div class=\"section-container\"><div class=\"bde-breadcrumbs-2619-119 bde-breadcrumbs\"><span><span><a href=\"https:\/\/rosenstand-as.dk\/sv\/\">Startsida<\/a><\/span><\/span><\/div><div class=\"bde-columns-2619-116 bde-columns\"><div class=\"bde-column-2619-117 bde-column\">\n  \n  \n\t\n\n\n\n<div class=\"bde-div-2619-101 bde-div\" data-entrance=\"slideUp\">\n  \n  \n\t\n\n\n\n<h2 class=\"bde-heading-2619-102 bde-heading\">\nTillg\u00e4ngliga jobb\n<\/h2><a class=\"bde-container-link-2619-103 bde-container-link breakdance-link\" href=\"https:\/\/rosenstand-as.dk\/sv\/karriar\/maskiningenjor-i-skanderborg\/\" target=\"_self\" data-type=\"url\">\n  \n  \n\t\n\n\n\n<div class=\"bde-div-2619-104 bde-div\">\n  \n  \n\t\n\n\n\n<h4 class=\"bde-heading-2619-105 bde-heading\">\nMaskiningeni\u00f8r i Skanderborg? Vi har jobbet til dig!\n<\/h4><div class=\"bde-text-2619-106 bde-text\">\nAns\u00f8gningsfrist: Snarest muligt\n<\/div>\n<\/div><div class=\"bde-icon-2619-107 bde-icon\">\n\n    \n            <div class=\"bde-icon-icon breakdance-icon-atom\" >\n    \n                    <svg xmlns=\"http:\/\/www.w3.org\/2000\/svg\" width=\"24\" height=\"24\" viewbox=\"0 -960 960 960\"><path d=\"m586.923-226.923-28.538-27.539 206.307-206.307H120v-40h645.461L559.385-707.077l27.538-27.539 253.846 253.847-253.846 253.846Z\"\/><\/svg>\n        \n        \n        \n            <\/div>\n    \n\n\n<\/div>\n\n<\/a>\n<\/div>\n<\/div><div class=\"bde-column-2619-118 bde-column\">\n  \n  \n\t\n\n\n\n<div class=\"bde-div-2619-108 bde-div\">\n  \n  \n\t\n\n\n\n<h4 class=\"bde-heading-2619-109 bde-heading\">\nSpontanans\u00f6kan\n<\/h4><div class=\"bde-text-2619-110 bde-text\">\nVi s\u00e6tter stor pris p\u00e5 at modtage uopfordrede ans\u00f8gninger, da vi forventer l\u00f8bende at f\u00e5 brug for nye dygtige kollegaer. Du kan altid sende din uopfordret ans\u00f8gning til <a href=\"mailto:mail@rosenstand-as.dk\" title=\"Send uopfordret ans\u00f8gning\">mailto:mail@rosenstand-as.dk<\/a>.\n<\/div><div class=\"bde-div-2619-111 bde-div\">\n  \n  \n\t\n\n\n\n<h4 class=\"bde-heading-2619-112 bde-heading\">\nKonsult\n<\/h4><div class=\"bde-text-2619-113 bde-text\">\nVi er altid interesseret i at udvide vores netv\u00e6rk af dygtige freelance ingeni\u00f8rer og projektledere. Send gerne dit CV til os eller kig forbi vores kontor, s\u00e5 vi kan diskutere samarbejdsmuligheder.\n<\/div>\n<\/div>\n<\/div>\n<\/div><\/div><\/div>\n<\/section>","protected":false},"excerpt":{"rendered":"<p>Forside Ledige stillinger Maskiningeni\u00f8r i Skanderborg? Vi har jobbet til dig! Ans\u00f8gningsfrist: Snarest muligt Uopfordret ans\u00f8gning Vi s\u00e6tter stor pris p\u00e5 at modtage uopfordrede ans\u00f8gninger, da vi forventer l\u00f8bende at f\u00e5 brug for nye dygtige kollegaer. Du kan altid sende din uopfordret ans\u00f8gning til mail@rosenstand-as.dk. Freelance Vi er altid interesseret i at udvide vores netv\u00e6rk [&hellip;]<\/p>\n","protected":false},"author":4,"featured_media":0,"parent":27,"menu_order":0,"comment_status":"closed","ping_status":"closed","template":"","meta":{"_acf_changed":false,"_breakdance_hide_in_design_set":false,"_breakdance_tags":"","footnotes":""},"class_list":["post-2619","page","type-page","status-publish","hentry"],"acf":[],"yoast_head":"<!-- This site is optimized with the Yoast SEO plugin v27.1.1 - https:\/\/yoast.com\/product\/yoast-seo-wordpress\/ -->\n<title>ROSENSTAND - Ledige stillinger<\/title>\n<meta name=\"robots\" content=\"index, follow, max-snippet:-1, max-image-preview:large, max-video-preview:-1\" \/>\n<link rel=\"canonical\" href=\"https:\/\/rosenstand-as.dk\/sv\/karriar\/tillgangliga-jobb\/\" \/>\n<meta property=\"og:locale\" content=\"sv_SE\" \/>\n<meta property=\"og:type\" content=\"article\" \/>\n<meta property=\"og:title\" content=\"ROSENSTAND - Ledige stillinger\" \/>\n<meta property=\"og:description\" content=\"Forside Ledige stillinger Maskiningeni\u00f8r i Skanderborg? Vi har jobbet til dig! Ans\u00f8gningsfrist: Snarest muligt Uopfordret ans\u00f8gning Vi s\u00e6tter stor pris p\u00e5 at modtage uopfordrede ans\u00f8gninger, da vi forventer l\u00f8bende at f\u00e5 brug for nye dygtige kollegaer. Du kan altid sende din uopfordret ans\u00f8gning til mail@rosenstand-as.dk. Freelance Vi er altid interesseret i at udvide vores netv\u00e6rk [&hellip;]\" \/>\n<meta property=\"og:url\" content=\"https:\/\/rosenstand-as.dk\/sv\/karriar\/tillgangliga-jobb\/\" \/>\n<meta property=\"og:site_name\" content=\"ROSENSTAND\" \/>\n<meta property=\"article:modified_time\" content=\"2024-01-23T12:12:58+00:00\" \/>\n<meta name=\"twitter:card\" content=\"summary_large_image\" \/>\n<script type=\"application\/ld+json\" class=\"yoast-schema-graph\">{\"@context\":\"https:\/\/schema.org\",\"@graph\":[{\"@type\":\"WebPage\",\"@id\":\"https:\/\/rosenstand-as.dk\/karriere\/ledige-stillinger\/\",\"url\":\"https:\/\/rosenstand-as.dk\/karriere\/ledige-stillinger\/\",\"name\":\"ROSENSTAND - Ledige stillinger\",\"isPartOf\":{\"@id\":\"https:\/\/rosenstand-as.dk\/#website\"},\"datePublished\":\"2024-01-23T12:08:49+00:00\",\"dateModified\":\"2024-01-23T12:12:58+00:00\",\"breadcrumb\":{\"@id\":\"https:\/\/rosenstand-as.dk\/karriere\/ledige-stillinger\/#breadcrumb\"},\"inLanguage\":\"sv-SE\",\"potentialAction\":[{\"@type\":\"ReadAction\",\"target\":[\"https:\/\/rosenstand-as.dk\/karriere\/ledige-stillinger\/\"]}]},{\"@type\":\"BreadcrumbList\",\"@id\":\"https:\/\/rosenstand-as.dk\/karriere\/ledige-stillinger\/#breadcrumb\",\"itemListElement\":[{\"@type\":\"ListItem\",\"position\":1,\"name\":\"Forside\",\"item\":\"https:\/\/rosenstand-as.dk\/\"},{\"@type\":\"ListItem\",\"position\":2,\"name\":\"Karriere\",\"item\":\"https:\/\/rosenstand-as.dk\/karriere\/\"},{\"@type\":\"ListItem\",\"position\":3,\"name\":\"Ledige stillinger\"}]},{\"@type\":\"WebSite\",\"@id\":\"https:\/\/rosenstand-as.dk\/#website\",\"url\":\"https:\/\/rosenstand-as.dk\/\",\"name\":\"ROSENSTAND\",\"description\":\"Engineering\",\"potentialAction\":[{\"@type\":\"SearchAction\",\"target\":{\"@type\":\"EntryPoint\",\"urlTemplate\":\"https:\/\/rosenstand-as.dk\/?s={search_term_string}\"},\"query-input\":{\"@type\":\"PropertyValueSpecification\",\"valueRequired\":true,\"valueName\":\"search_term_string\"}}],\"inLanguage\":\"sv-SE\"}]}<\/script>\n<!-- \/ Yoast SEO plugin. -->","yoast_head_json":{"title":"ROSENSTAND - Ledige stillinger","robots":{"index":"index","follow":"follow","max-snippet":"max-snippet:-1","max-image-preview":"max-image-preview:large","max-video-preview":"max-video-preview:-1"},"canonical":"https:\/\/rosenstand-as.dk\/sv\/karriar\/tillgangliga-jobb\/","og_locale":"sv_SE","og_type":"article","og_title":"ROSENSTAND - Ledige stillinger","og_description":"Forside Ledige stillinger Maskiningeni\u00f8r i Skanderborg? Vi har jobbet til dig! Ans\u00f8gningsfrist: Snarest muligt Uopfordret ans\u00f8gning Vi s\u00e6tter stor pris p\u00e5 at modtage uopfordrede ans\u00f8gninger, da vi forventer l\u00f8bende at f\u00e5 brug for nye dygtige kollegaer. Du kan altid sende din uopfordret ans\u00f8gning til mail@rosenstand-as.dk. Freelance Vi er altid interesseret i at udvide vores netv\u00e6rk [&hellip;]","og_url":"https:\/\/rosenstand-as.dk\/sv\/karriar\/tillgangliga-jobb\/","og_site_name":"ROSENSTAND","article_modified_time":"2024-01-23T12:12:58+00:00","twitter_card":"summary_large_image","schema":{"@context":"https:\/\/schema.org","@graph":[{"@type":"WebPage","@id":"https:\/\/rosenstand-as.dk\/karriere\/ledige-stillinger\/","url":"https:\/\/rosenstand-as.dk\/karriere\/ledige-stillinger\/","name":"ROSENSTAND - Ledige stillinger","isPartOf":{"@id":"https:\/\/rosenstand-as.dk\/#website"},"datePublished":"2024-01-23T12:08:49+00:00","dateModified":"2024-01-23T12:12:58+00:00","breadcrumb":{"@id":"https:\/\/rosenstand-as.dk\/karriere\/ledige-stillinger\/#breadcrumb"},"inLanguage":"sv-SE","potentialAction":[{"@type":"ReadAction","target":["https:\/\/rosenstand-as.dk\/karriere\/ledige-stillinger\/"]}]},{"@type":"BreadcrumbList","@id":"https:\/\/rosenstand-as.dk\/karriere\/ledige-stillinger\/#breadcrumb","itemListElement":[{"@type":"ListItem","position":1,"name":"Forside","item":"https:\/\/rosenstand-as.dk\/"},{"@type":"ListItem","position":2,"name":"Karriere","item":"https:\/\/rosenstand-as.dk\/karriere\/"},{"@type":"ListItem","position":3,"name":"Ledige stillinger"}]},{"@type":"WebSite","@id":"https:\/\/rosenstand-as.dk\/#website","url":"https:\/\/rosenstand-as.dk\/","name":"ROSENSTAND","description":"Engineering","potentialAction":[{"@type":"SearchAction","target":{"@type":"EntryPoint","urlTemplate":"https:\/\/rosenstand-as.dk\/?s={search_term_string}"},"query-input":{"@type":"PropertyValueSpecification","valueRequired":true,"valueName":"search_term_string"}}],"inLanguage":"sv-SE"}]}},"_links":{"self":[{"href":"https:\/\/rosenstand-as.dk\/sv\/wp-json\/wp\/v2\/pages\/2619","targetHints":{"allow":["GET"]}}],"collection":[{"href":"https:\/\/rosenstand-as.dk\/sv\/wp-json\/wp\/v2\/pages"}],"about":[{"href":"https:\/\/rosenstand-as.dk\/sv\/wp-json\/wp\/v2\/types\/page"}],"author":[{"embeddable":true,"href":"https:\/\/rosenstand-as.dk\/sv\/wp-json\/wp\/v2\/users\/4"}],"replies":[{"embeddable":true,"href":"https:\/\/rosenstand-as.dk\/sv\/wp-json\/wp\/v2\/comments?post=2619"}],"version-history":[{"count":9,"href":"https:\/\/rosenstand-as.dk\/sv\/wp-json\/wp\/v2\/pages\/2619\/revisions"}],"predecessor-version":[{"id":2630,"href":"https:\/\/rosenstand-as.dk\/sv\/wp-json\/wp\/v2\/pages\/2619\/revisions\/2630"}],"up":[{"embeddable":true,"href":"https:\/\/rosenstand-as.dk\/sv\/wp-json\/wp\/v2\/pages\/27"}],"wp:attachment":[{"href":"https:\/\/rosenstand-as.dk\/sv\/wp-json\/wp\/v2\/media?parent=2619"}],"curies":[{"name":"wp","href":"https:\/\/api.w.org\/{rel}","templated":true}]}}