{"id":29,"date":"2023-12-11T11:25:02","date_gmt":"2023-12-11T10:25:02","guid":{"rendered":"https:\/\/rosenstand.dev2.webko.io\/?page_id=29"},"modified":"2025-10-13T08:42:02","modified_gmt":"2025-10-13T06:42:02","slug":"om-oss","status":"publish","type":"page","link":"https:\/\/rosenstand-as.dk\/sv\/om-os\/","title":{"rendered":"Om oss"},"content":{"rendered":"<section class=\"bde-section-29-123 bde-section\">\n  \n  \n\t\n\n\n\n<div class=\"section-container\"><div class=\"bde-div-29-124 bde-div\" data-entrance=\"slideUp\">\n  \n  \n\t\n\n\n\n<div class=\"bde-breadcrumbs-29-125 bde-breadcrumbs\"><span><span><a href=\"https:\/\/rosenstand-as.dk\/sv\/\">Startsida<\/a><\/span><\/span><\/div><h1 class=\"bde-heading-29-126 bde-heading\">\nOm Rosenstand Engineering \n<\/h1><div class=\"bde-text-29-127 bde-text\">\nRosenstand \u00e4r lika med effektiv och erfaren ingenj\u00f6rsassistans - b\u00e5de i Danmark och Sverige. Vi hj\u00e4lper med allt fr\u00e5n utveckling, ber\u00e4kning och CE-m\u00e4rkning.\n<\/div>\n<\/div><div class=\"bde-animated-heading-29-132 bde-animated-heading\">\n<h2 class=\"bde-animated-heading__text\">\n\n\t<span class=\"bde-animated-heading__wrapper\"><\/span>\n\n\n\n\n<\/h2>\n\n<noscript>\n      <h2 class=\"bde-animated-heading__noscript\">\n      <span><\/span>\n      Scrolla ner\n      <span><\/span>\n    <\/h2>\n  <\/noscript>\n<\/div><\/div>\n<\/section><section class=\"bde-section-29-100 bde-section\">\n              \n  \n  \n\t\n\n\n\n<div class=\"section-container\"><div class=\"bde-div-29-117 bde-div\" data-entrance=\"slideUp\">\n  \n  \n\t\n\n\n\n<div class=\"bde-basicslider-29-118 bde-basicslider\">\n<div class=\"breakdance-swiper-wrapper\" data-swiper-id=\"118\">\n    <div class=\"swiper\">\n      <div class=\"swiper-wrapper\">\n      \n\t                    \n        <div class=\"swiper-slide\">\n          <div class=\"bde-basicslider__slide\">\n              <div class=\"bde-basicslider__content\">\n                                                <\/div>\n\n\t\t\t\t\t\t          <img loading=\"lazy\" decoding=\"async\" class=\"breakdance-image-object bde-basicslider__image\" src=\"https:\/\/rosenstand-as.dk\/wp-content\/uploads\/2023\/12\/rosenstand-slide3.jpg\" width=\"1600\" height=\"800\" srcset=\"https:\/\/rosenstand-as.dk\/wp-content\/uploads\/2023\/12\/rosenstand-slide3.jpg 1600w, https:\/\/rosenstand-as.dk\/wp-content\/uploads\/2023\/12\/rosenstand-slide3-300x150.jpg 300w, https:\/\/rosenstand-as.dk\/wp-content\/uploads\/2023\/12\/rosenstand-slide3-1024x512.jpg 1024w, https:\/\/rosenstand-as.dk\/wp-content\/uploads\/2023\/12\/rosenstand-slide3-768x384.jpg 768w, https:\/\/rosenstand-as.dk\/wp-content\/uploads\/2023\/12\/rosenstand-slide3-1536x768.jpg 1536w, https:\/\/rosenstand-as.dk\/wp-content\/uploads\/2023\/12\/rosenstand-slide3-18x9.jpg 18w\" sizes=\"auto, (max-width: 1600px) 100vw, 1600px\">\n\t\t\t\n          <\/div>\n        <\/div>\n       \n\t                    \n        <div class=\"swiper-slide\">\n          <div class=\"bde-basicslider__slide\">\n              <div class=\"bde-basicslider__content\">\n                                                <\/div>\n\n\t\t\t\t\t\t          <img loading=\"lazy\" decoding=\"async\" class=\"breakdance-image-object bde-basicslider__image\" src=\"https:\/\/rosenstand-as.dk\/wp-content\/uploads\/2023\/12\/rosenstand-slide1.jpg\" width=\"1600\" height=\"800\" srcset=\"https:\/\/rosenstand-as.dk\/wp-content\/uploads\/2023\/12\/rosenstand-slide1.jpg 1600w, https:\/\/rosenstand-as.dk\/wp-content\/uploads\/2023\/12\/rosenstand-slide1-300x150.jpg 300w, https:\/\/rosenstand-as.dk\/wp-content\/uploads\/2023\/12\/rosenstand-slide1-1024x512.jpg 1024w, https:\/\/rosenstand-as.dk\/wp-content\/uploads\/2023\/12\/rosenstand-slide1-768x384.jpg 768w, https:\/\/rosenstand-as.dk\/wp-content\/uploads\/2023\/12\/rosenstand-slide1-1536x768.jpg 1536w, https:\/\/rosenstand-as.dk\/wp-content\/uploads\/2023\/12\/rosenstand-slide1-18x9.jpg 18w\" sizes=\"auto, (max-width: 1600px) 100vw, 1600px\">\n\t\t\t\n          <\/div>\n        <\/div>\n       \n\t                    \n        <div class=\"swiper-slide\">\n          <div class=\"bde-basicslider__slide\">\n              <div class=\"bde-basicslider__content\">\n                                                <\/div>\n\n\t\t\t\t\t\t          <img loading=\"lazy\" decoding=\"async\" class=\"breakdance-image-object bde-basicslider__image\" src=\"https:\/\/rosenstand-as.dk\/wp-content\/uploads\/2023\/12\/rosenstand-slide2.jpg\" width=\"1600\" height=\"800\" srcset=\"https:\/\/rosenstand-as.dk\/wp-content\/uploads\/2023\/12\/rosenstand-slide2.jpg 1600w, https:\/\/rosenstand-as.dk\/wp-content\/uploads\/2023\/12\/rosenstand-slide2-300x150.jpg 300w, https:\/\/rosenstand-as.dk\/wp-content\/uploads\/2023\/12\/rosenstand-slide2-1024x512.jpg 1024w, https:\/\/rosenstand-as.dk\/wp-content\/uploads\/2023\/12\/rosenstand-slide2-768x384.jpg 768w, https:\/\/rosenstand-as.dk\/wp-content\/uploads\/2023\/12\/rosenstand-slide2-1536x768.jpg 1536w, https:\/\/rosenstand-as.dk\/wp-content\/uploads\/2023\/12\/rosenstand-slide2-18x9.jpg 18w\" sizes=\"auto, (max-width: 1600px) 100vw, 1600px\">\n\t\t\t\n          <\/div>\n        <\/div>\n       \n\t                    \n        <div class=\"swiper-slide\">\n          <div class=\"bde-basicslider__slide\">\n              <div class=\"bde-basicslider__content\">\n                                                <\/div>\n\n\t\t\t\t\t\t          <img loading=\"lazy\" decoding=\"async\" class=\"breakdance-image-object bde-basicslider__image\" src=\"https:\/\/rosenstand-as.dk\/wp-content\/uploads\/2023\/12\/banner05.jpg\" width=\"2000\" height=\"1000\" srcset=\"https:\/\/rosenstand-as.dk\/wp-content\/uploads\/2023\/12\/banner05.jpg 2000w, https:\/\/rosenstand-as.dk\/wp-content\/uploads\/2023\/12\/banner05-300x150.jpg 300w, https:\/\/rosenstand-as.dk\/wp-content\/uploads\/2023\/12\/banner05-1024x512.jpg 1024w, https:\/\/rosenstand-as.dk\/wp-content\/uploads\/2023\/12\/banner05-768x384.jpg 768w, https:\/\/rosenstand-as.dk\/wp-content\/uploads\/2023\/12\/banner05-1536x768.jpg 1536w, https:\/\/rosenstand-as.dk\/wp-content\/uploads\/2023\/12\/banner05-18x9.jpg 18w\" sizes=\"auto, (max-width: 2000px) 100vw, 2000px\">\n\t\t\t\n          <\/div>\n        <\/div>\n       \n\t                    \n        <div class=\"swiper-slide\">\n          <div class=\"bde-basicslider__slide\">\n              <div class=\"bde-basicslider__content\">\n                                                <\/div>\n\n\t\t\t\t\t\t          <img loading=\"lazy\" decoding=\"async\" class=\"breakdance-image-object bde-basicslider__image\" src=\"https:\/\/rosenstand-as.dk\/wp-content\/uploads\/2023\/12\/img12.jpg\" width=\"1600\" height=\"900\" srcset=\"https:\/\/rosenstand-as.dk\/wp-content\/uploads\/2023\/12\/img12.jpg 1600w, https:\/\/rosenstand-as.dk\/wp-content\/uploads\/2023\/12\/img12-300x169.jpg 300w, https:\/\/rosenstand-as.dk\/wp-content\/uploads\/2023\/12\/img12-1024x576.jpg 1024w, https:\/\/rosenstand-as.dk\/wp-content\/uploads\/2023\/12\/img12-768x432.jpg 768w, https:\/\/rosenstand-as.dk\/wp-content\/uploads\/2023\/12\/img12-1536x864.jpg 1536w, https:\/\/rosenstand-as.dk\/wp-content\/uploads\/2023\/12\/img12-18x10.jpg 18w\" sizes=\"auto, (max-width: 1600px) 100vw, 1600px\">\n\t\t\t\n          <\/div>\n        <\/div>\n       \n\t                    \n        <div class=\"swiper-slide\">\n          <div class=\"bde-basicslider__slide\">\n              <div class=\"bde-basicslider__content\">\n                                                <\/div>\n\n\t\t\t\t\t\t          <img loading=\"lazy\" decoding=\"async\" class=\"breakdance-image-object bde-basicslider__image\" src=\"https:\/\/rosenstand-as.dk\/wp-content\/uploads\/2023\/12\/banner02.jpg\" width=\"2000\" height=\"1000\" srcset=\"https:\/\/rosenstand-as.dk\/wp-content\/uploads\/2023\/12\/banner02.jpg 2000w, https:\/\/rosenstand-as.dk\/wp-content\/uploads\/2023\/12\/banner02-300x150.jpg 300w, https:\/\/rosenstand-as.dk\/wp-content\/uploads\/2023\/12\/banner02-1024x512.jpg 1024w, https:\/\/rosenstand-as.dk\/wp-content\/uploads\/2023\/12\/banner02-768x384.jpg 768w, https:\/\/rosenstand-as.dk\/wp-content\/uploads\/2023\/12\/banner02-1536x768.jpg 1536w, https:\/\/rosenstand-as.dk\/wp-content\/uploads\/2023\/12\/banner02-18x9.jpg 18w\" sizes=\"auto, (max-width: 2000px) 100vw, 2000px\">\n\t\t\t\n          <\/div>\n        <\/div>\n       \n      <\/div>\n    <\/div>\n        \n            <div class=\"swiper-pagination\"><\/div>\n    \n<\/div>\n\n<\/div><div class=\"bde-div-29-119 bde-div\">\n  \n  \n\t\n\n\n\n<div class=\"bde-icon-29-120 bde-icon\">\n\n                \n                    \n            \n                           \n                        \n\n    \n    \n    \n                    \n    \n    <a class=\"breakdance-link bde-icon-icon breakdance-icon-atom\" href=\"#\" target=\"_self\" data-type=\"action\" style=\"--eeiTransform: rotate(180deg);\" data-action='{\"type\":\"slider\",\"sliderOptions\":{\"elementId\":\"bde-basicslider-29-118\",\"actionType\":\"previous\"}}' >\n\n    \n                    <svg xmlns=\"http:\/\/www.w3.org\/2000\/svg\" height=\"24\" viewbox=\"0 -960 960 960\" width=\"24\"><path d=\"m547.692-267.692-28.307-28.77L682.923-460H200v-40h482.923L519.385-663.538l28.307-28.77L760-480 547.692-267.692Z\"\/><\/svg>\n        \n        \n        \n                <\/a>\n\n    \n\n\n<\/div><div class=\"bde-icon-29-121 bde-icon\">\n\n    \n                    \n            \n                           \n                        \n\n    \n    \n    \n                    \n    \n    <a class=\"breakdance-link bde-icon-icon breakdance-icon-atom\" href=\"#\" target=\"_self\" data-type=\"action\"  data-action='{\"type\":\"slider\",\"sliderOptions\":{\"elementId\":\"bde-basicslider-29-118\",\"actionType\":\"next\"}}' >\n\n    \n                    <svg xmlns=\"http:\/\/www.w3.org\/2000\/svg\" height=\"24\" viewbox=\"0 -960 960 960\" width=\"24\"><path d=\"m547.692-267.692-28.307-28.77L682.923-460H200v-40h482.923L519.385-663.538l28.307-28.77L760-480 547.692-267.692Z\"\/><\/svg>\n        \n        \n        \n                <\/a>\n\n    \n\n\n<\/div>\n<\/div>\n<\/div><\/div>\n<\/section><section class=\"bde-section-29-131 bde-section\">\n  \n  \n\t\n\n\n\n<div class=\"section-container\"><h2 class=\"bde-heading-29-133 bde-heading\">\nVi st\u00e4ller de r\u00e4tta fr\u00e5gorna\n<\/h2><div class=\"bde-text-29-134 bde-text\">\nRosenstand Engineering \u00e4r experter p\u00e5 klassiska maskiningenj\u00f6rsdiscipliner som mekanisk konstruktion, ber\u00e4kning och CE-m\u00e4rkning av komplex utrustning.<br><br>Vi \u00e4r ocks\u00e5 skickliga projektledare som k\u00e4nner v\u00e5ra kunder och deras utmaningar v\u00e4l. Hos oss finns inga byr\u00e5kratiska mellanh\u00e4nder och ingen f\u00f6rlorad information. Du f\u00e5r alltid en direkt kontaktperson som f\u00f6ljer ditt projekt fr\u00e5n start till m\u00e5l.<br><br>Genom \u00e5ren har vi utvecklat flera hundra mekaniska produkter, produktionsapparater, kranar och annan lyftutrustning f\u00f6r industrif\u00f6retag \u00f6ver olika branscher. Allt fr\u00e5n v\u00e5ra tv\u00e5 kontor i Danmark och Sverige.\n<\/div><h2 class=\"bde-heading-29-205 bde-heading\">\nHistorien\n<\/h2><div class=\"bde-text-29-206 bde-text\">\nROSENSTAND A\/S grundades 2017 av maskiningenj\u00f6rerna Fredrik Gustavsson och Steen Rosenstand. Redan fr\u00e5n b\u00f6rjan fokuserade vi p\u00e5 de klassiska maskiningenj\u00f6rsdisciplinerna. N\u00e4stan alla uppdrag l\u00f6stes p\u00e5 kontoret i Aarhus N.<br><br>Genom att inte skicka ut medarbetare som konsulter \u00e4r vi alltid tillg\u00e4ngliga f\u00f6r v\u00e5ra kunder. Samarbetet p\u00e5 kontoret \u00e4r effektivt och l\u00e4rorikt f\u00f6r medarbetarna. Ingenj\u00f6rerna k\u00e4nner till varandras styrkor och kundernas utmaningar.<br><br>Denna strategi har visat sig l\u00e5ngsiktigt h\u00e5llbar - den s\u00e4kerst\u00e4ller l\u00f6sningarnas kvalitet och ett effektivt samarbete med v\u00e5ra kunder.<br><br>Kontoret i Nyk\u00f6ping i Sverige etablerades 2022. Det var m\u00f6jligt eftersom Fredrik och hans familj flyttade tillbaka till Sverige, och vi redan hade starka svenska kundrelationer. Det etablerades snabbt nya relationer med flera st\u00f6rre svenska kunder inom nya sp\u00e4nnande branscher.<br><br>Rammerne i Aarhus N var blevet for sm\u00e5, og de fleste medarbejdere boede syd for Aarhus, s\u00e5 i 2023 flyttede virksomheden til et nyt og st\u00f8rre kontor p\u00e5 Danmarksvej i Skanderborg \u2013 t\u00e6t p\u00e5 Skanderborg Bryghus.<br><br>F\u00f6retagets organiska tillv\u00e4xt forts\u00e4tter 2024, och vi syssels\u00e4tter nu 15 ingenj\u00f6rer. Den erfarna maskiningenj\u00f6ren och projektledaren Lars Brunsgaard Poulsen anst\u00e4lldes som projektchef p\u00e5 kontoret i Skanderborg.<br><br>Strategin \u00e4r fortsatt att arbeta fr\u00e5n v\u00e5ra kontor och fokusera 110% p\u00e5 de grundl\u00e4ggande maskiningenj\u00f6rsdisciplinerna.\n<\/div><h4 class=\"bde-heading-29-215 bde-heading\">\nRosenstand A\/S \u00e4r Gasell f\u00f6r femte \u00e5ret i rad 2025!<br>\n<\/h4><div class=\"bde-text-29-216 bde-text\">\nVi \u00e4r stolta \u00f6ver att \u00e5terigen ta emot Dagens Industris Gasellpris \u2013 f\u00f6r femte \u00e5ret i rad. En sann maratongasell som visar att stabil tillv\u00e4xt och starka relationer g\u00e5r hand i hand.\n<\/div><h2 class=\"bde-heading-29-188 bde-heading\">\nMekanisk utrustning i h\u00e5llbar balans\n<\/h2><div class=\"bde-text-29-189 bde-text\">\nH\u00e5llbarhet \u00e4r en viktig parameter n\u00e4r vi utvecklar ny utrustning. Vi fokuserar alltid p\u00e5 att optimera energianv\u00e4ndningen, b\u00e5de i tillverkningsfasen och i sj\u00e4lva produkten. Vi \u00e4r ocks\u00e5 uppm\u00e4rksamma p\u00e5 att minska materialspillet under v\u00e4gen, och vi tittar p\u00e5 hur vi kan underl\u00e4tta den efterf\u00f6ljande driften och servicen av utrustningen s\u00e5 att den h\u00e5ller s\u00e5 l\u00e4nge som m\u00f6jligt. <br><br>Vi har samarbetat med m\u00e5nga olika f\u00f6retag som st\u00f6djer den gr\u00f6na omst\u00e4llningen, bland annat inom vindkraftsindustrin och k\u00e4rnkraftsindustrin.\n<\/div><\/div>\n<\/section><section class=\"bde-section-29-169 bde-section\">\n  \n  \n\t\n\n\n\n<div class=\"section-container\"><div class=\"bde-div-29-170 bde-div\">\n  \n  \n\t\n\n\n\n<div class=\"bde-text-29-171 bde-text\">\nStarka relationer skapar starka resultat\n<\/div><h2 class=\"bde-heading-29-172 bde-heading\">\nVi prioriterar en stark sammanh\u00e5llning b\u00e5de internt och externt. D\u00e4rf\u00f6r arbetar vi utifr\u00e5n v\u00e4rderingarna \u00e4rlighet, engagemang och tillg\u00e4nglighet.\n<\/h2>\n<\/div><div class=\"bde-div-29-174 bde-div\">\n  \n  \n\t\n\n\n\n<div class=\"bde-grid-29-175 bde-grid\">\n  \n  \n\t\n\n\n\n<div class=\"bde-div-29-176 bde-div\" data-entrance=\"slideUp\">\n  \n  \n\t\n\n\n\n<div class=\"bde-text-29-177 bde-text\">\n\u00c4rlighet\n<\/div><div class=\"bde-text-29-178 bde-text\">\n\u00d6msesidigt f\u00f6rtroende, \u00f6ppenhet och \u00e4rlighet skapar god kommunikation. Det \u00e4r d\u00e4rf\u00f6r vi alltid s\u00e4ger saker som de \u00e4r.\n<\/div>\n<\/div><div class=\"bde-div-29-179 bde-div\" data-entrance=\"slideUp\">\n  \n  \n\t\n\n\n\n<div class=\"bde-text-29-180 bde-text\">\nEngagemang\n<\/div><div class=\"bde-text-29-181 bde-text\">\nVi \u00e4r n\u00e4rvarande och dedikerade genom hela processen. Vi engagerar oss i alla relevanta detaljer.\n<\/div>\n<\/div><div class=\"bde-div-29-182 bde-div\" data-entrance=\"slideUp\">\n  \n  \n\t\n\n\n\n<div class=\"bde-text-29-183 bde-text\">\nTillg\u00e4nglighet\n<\/div><div class=\"bde-text-29-184 bde-text\">\nVi skickar inte ut v\u00e5ra ingenj\u00f6rer som konsulter. P\u00e5 s\u00e5 s\u00e4tt \u00f6kar vi tillg\u00e4ngligheten och ser till att du alltid kan f\u00e5 kompetent hj\u00e4lp n\u00e4r du beh\u00f6ver det.\n<\/div><div class=\"bde-button-29-185 bde-button\">\n    \n                        \n                        \n    \n    \n    \n    \n            \n                    \n            \n            \n\n    \n    \n    \n    \n    \n    <a class=\"breakdance-link button-atom button-atom--primary bde-button__button\" href=\"https:\/\/rosenstand-as.dk\/sv\/kontakta\/\" target=\"_self\" data-type=\"url\"  >\n\n    \n        <span class=\"button-atom__text\">Lad os tage en uforpligtende snak<\/span>\n\n                            \n        \n                <\/a>\n\n    \n\n\n<\/div>\n<\/div>\n<\/div>\n<\/div><\/div>\n<\/section><section class=\"bde-section-29-190 bde-section\">\n  \n  \n\t\n\n\n\n<div class=\"section-container\"><\/div>\n<\/section>","protected":false},"excerpt":{"rendered":"<p>Forside Om Rosenstand Engineering Rosenstand er lig med effektiv og erfaren ingeni\u00f8rassistance \u2013 b\u00e5de i Danmark og Sverige. Vi hj\u00e6lper med alt fra udvikling, beregning og CE-m\u00e6rkning. Scroll ned Vi stiller de rigtige sp\u00f8rgsm\u00e5l Rosenstand Engineering er eksperter i klassiske maskiningeni\u00f8rdiscipliner som mekanisk konstruktion, beregning og CE-m\u00e6rkning af komplekst udstyr.Vi er ogs\u00e5 dygtige projektledere, der [&hellip;]<\/p>\n","protected":false},"author":4,"featured_media":0,"parent":0,"menu_order":0,"comment_status":"closed","ping_status":"closed","template":"","meta":{"_acf_changed":false,"_breakdance_hide_in_design_set":false,"_breakdance_tags":"","footnotes":""},"class_list":["post-29","page","type-page","status-publish","hentry"],"acf":[],"yoast_head":"<!-- This site is optimized with the Yoast SEO plugin v27.1.1 - https:\/\/yoast.com\/product\/yoast-seo-wordpress\/ -->\n<title>ROSENSTAND - Om os<\/title>\n<meta name=\"robots\" content=\"index, follow, max-snippet:-1, max-image-preview:large, max-video-preview:-1\" \/>\n<link rel=\"canonical\" href=\"https:\/\/rosenstand-as.dk\/sv\/om-oss\/\" \/>\n<meta property=\"og:locale\" content=\"sv_SE\" \/>\n<meta property=\"og:type\" content=\"article\" \/>\n<meta property=\"og:title\" content=\"ROSENSTAND - Om os\" \/>\n<meta property=\"og:description\" content=\"Forside Om Rosenstand Engineering Rosenstand er lig med effektiv og erfaren ingeni\u00f8rassistance \u2013 b\u00e5de i Danmark og Sverige. Vi hj\u00e6lper med alt fra udvikling, beregning og CE-m\u00e6rkning. Scroll ned Vi stiller de rigtige sp\u00f8rgsm\u00e5l Rosenstand Engineering er eksperter i klassiske maskiningeni\u00f8rdiscipliner som mekanisk konstruktion, beregning og CE-m\u00e6rkning af komplekst udstyr.Vi er ogs\u00e5 dygtige projektledere, der [&hellip;]\" \/>\n<meta property=\"og:url\" content=\"https:\/\/rosenstand-as.dk\/sv\/om-oss\/\" \/>\n<meta property=\"og:site_name\" content=\"ROSENSTAND\" \/>\n<meta property=\"article:modified_time\" content=\"2025-10-13T06:42:02+00:00\" \/>\n<meta name=\"twitter:card\" content=\"summary_large_image\" \/>\n<script type=\"application\/ld+json\" class=\"yoast-schema-graph\">{\"@context\":\"https:\/\/schema.org\",\"@graph\":[{\"@type\":\"WebPage\",\"@id\":\"https:\/\/rosenstand-as.dk\/om-os\/\",\"url\":\"https:\/\/rosenstand-as.dk\/om-os\/\",\"name\":\"ROSENSTAND - Om os\",\"isPartOf\":{\"@id\":\"https:\/\/rosenstand-as.dk\/#website\"},\"datePublished\":\"2023-12-11T10:25:02+00:00\",\"dateModified\":\"2025-10-13T06:42:02+00:00\",\"breadcrumb\":{\"@id\":\"https:\/\/rosenstand-as.dk\/om-os\/#breadcrumb\"},\"inLanguage\":\"sv-SE\",\"potentialAction\":[{\"@type\":\"ReadAction\",\"target\":[\"https:\/\/rosenstand-as.dk\/om-os\/\"]}]},{\"@type\":\"BreadcrumbList\",\"@id\":\"https:\/\/rosenstand-as.dk\/om-os\/#breadcrumb\",\"itemListElement\":[{\"@type\":\"ListItem\",\"position\":1,\"name\":\"Forside\",\"item\":\"https:\/\/rosenstand-as.dk\/\"},{\"@type\":\"ListItem\",\"position\":2,\"name\":\"Om os\"}]},{\"@type\":\"WebSite\",\"@id\":\"https:\/\/rosenstand-as.dk\/#website\",\"url\":\"https:\/\/rosenstand-as.dk\/\",\"name\":\"ROSENSTAND\",\"description\":\"Engineering\",\"potentialAction\":[{\"@type\":\"SearchAction\",\"target\":{\"@type\":\"EntryPoint\",\"urlTemplate\":\"https:\/\/rosenstand-as.dk\/?s={search_term_string}\"},\"query-input\":{\"@type\":\"PropertyValueSpecification\",\"valueRequired\":true,\"valueName\":\"search_term_string\"}}],\"inLanguage\":\"sv-SE\"}]}<\/script>\n<!-- \/ Yoast SEO plugin. -->","yoast_head_json":{"title":"ROSENSTAND - Om os","robots":{"index":"index","follow":"follow","max-snippet":"max-snippet:-1","max-image-preview":"max-image-preview:large","max-video-preview":"max-video-preview:-1"},"canonical":"https:\/\/rosenstand-as.dk\/sv\/om-oss\/","og_locale":"sv_SE","og_type":"article","og_title":"ROSENSTAND - Om os","og_description":"Forside Om Rosenstand Engineering Rosenstand er lig med effektiv og erfaren ingeni\u00f8rassistance \u2013 b\u00e5de i Danmark og Sverige. Vi hj\u00e6lper med alt fra udvikling, beregning og CE-m\u00e6rkning. Scroll ned Vi stiller de rigtige sp\u00f8rgsm\u00e5l Rosenstand Engineering er eksperter i klassiske maskiningeni\u00f8rdiscipliner som mekanisk konstruktion, beregning og CE-m\u00e6rkning af komplekst udstyr.Vi er ogs\u00e5 dygtige projektledere, der [&hellip;]","og_url":"https:\/\/rosenstand-as.dk\/sv\/om-oss\/","og_site_name":"ROSENSTAND","article_modified_time":"2025-10-13T06:42:02+00:00","twitter_card":"summary_large_image","schema":{"@context":"https:\/\/schema.org","@graph":[{"@type":"WebPage","@id":"https:\/\/rosenstand-as.dk\/om-os\/","url":"https:\/\/rosenstand-as.dk\/om-os\/","name":"ROSENSTAND - Om os","isPartOf":{"@id":"https:\/\/rosenstand-as.dk\/#website"},"datePublished":"2023-12-11T10:25:02+00:00","dateModified":"2025-10-13T06:42:02+00:00","breadcrumb":{"@id":"https:\/\/rosenstand-as.dk\/om-os\/#breadcrumb"},"inLanguage":"sv-SE","potentialAction":[{"@type":"ReadAction","target":["https:\/\/rosenstand-as.dk\/om-os\/"]}]},{"@type":"BreadcrumbList","@id":"https:\/\/rosenstand-as.dk\/om-os\/#breadcrumb","itemListElement":[{"@type":"ListItem","position":1,"name":"Forside","item":"https:\/\/rosenstand-as.dk\/"},{"@type":"ListItem","position":2,"name":"Om os"}]},{"@type":"WebSite","@id":"https:\/\/rosenstand-as.dk\/#website","url":"https:\/\/rosenstand-as.dk\/","name":"ROSENSTAND","description":"Engineering","potentialAction":[{"@type":"SearchAction","target":{"@type":"EntryPoint","urlTemplate":"https:\/\/rosenstand-as.dk\/?s={search_term_string}"},"query-input":{"@type":"PropertyValueSpecification","valueRequired":true,"valueName":"search_term_string"}}],"inLanguage":"sv-SE"}]}},"_links":{"self":[{"href":"https:\/\/rosenstand-as.dk\/sv\/wp-json\/wp\/v2\/pages\/29","targetHints":{"allow":["GET"]}}],"collection":[{"href":"https:\/\/rosenstand-as.dk\/sv\/wp-json\/wp\/v2\/pages"}],"about":[{"href":"https:\/\/rosenstand-as.dk\/sv\/wp-json\/wp\/v2\/types\/page"}],"author":[{"embeddable":true,"href":"https:\/\/rosenstand-as.dk\/sv\/wp-json\/wp\/v2\/users\/4"}],"replies":[{"embeddable":true,"href":"https:\/\/rosenstand-as.dk\/sv\/wp-json\/wp\/v2\/comments?post=29"}],"version-history":[{"count":72,"href":"https:\/\/rosenstand-as.dk\/sv\/wp-json\/wp\/v2\/pages\/29\/revisions"}],"predecessor-version":[{"id":3218,"href":"https:\/\/rosenstand-as.dk\/sv\/wp-json\/wp\/v2\/pages\/29\/revisions\/3218"}],"wp:attachment":[{"href":"https:\/\/rosenstand-as.dk\/sv\/wp-json\/wp\/v2\/media?parent=29"}],"curies":[{"name":"wp","href":"https:\/\/api.w.org\/{rel}","templated":true}]}}