{"id":31,"date":"2023-12-11T11:25:08","date_gmt":"2023-12-11T10:25:08","guid":{"rendered":"https:\/\/rosenstand.dev2.webko.io\/?page_id=31"},"modified":"2026-01-12T09:01:10","modified_gmt":"2026-01-12T08:01:10","slug":"kontakta","status":"publish","type":"page","link":"https:\/\/rosenstand-as.dk\/sv\/kontakt\/","title":{"rendered":"Kontakta"},"content":{"rendered":"<section class=\"bde-section-31-100 bde-section\">\n  \n  \n\t\n\n\n\n<div class=\"section-container\"><div class=\"bde-div-31-101 bde-div\" data-entrance=\"slideUp\">\n  \n  \n\t\n\n\n\n<div class=\"bde-breadcrumbs-31-102 bde-breadcrumbs\"><span><span><a href=\"https:\/\/rosenstand-as.dk\/\">Forside<\/a><\/span><\/span><\/div><h1 class=\"bde-heading-31-103 bde-heading\">\nSolide og effektive mekaniske l\u00f8sninger\n<\/h1><div class=\"bde-text-31-104 bde-text\">\nS\u00f8ger du en ingeni\u00f8rpartner med h\u00e5ndv\u00e6rket i orden? S\u00e5 har du fundet den rette. Ring, skriv eller kig forbi til en snak om konstruering, beregning og CE-m\u00e6rkning af komplekst industriudstyr. <br>\n<\/div>\n<\/div><div class=\"bde-div-31-105 bde-div\" data-entrance=\"slideUp\">\n  \n  \n\t\n\n\n\n<div class=\"bde-div-31-111 bde-div\">\n  \n  \n\t\n\n\n\n<h3 class=\"bde-heading-31-110 bde-heading\">\nSkriv til os\n<\/h3>\n<\/div><div class=\"bde-form-builder-31-108 bde-form-builder\">\n\n<form id=\"forms\" class=\"breakdance-form breakdance-form--vertical\" data-options=\"{&quot;slug&quot;:&quot;custom&quot;,&quot;name&quot;:&quot;Kontaktformular&quot;,&quot;ajaxUrl&quot;:&quot;https:\\\/\\\/rosenstand-as.dk\\\/wp-admin\\\/admin-ajax.php&quot;,&quot;clearOnSuccess&quot;:true,&quot;hideOnSuccess&quot;:false,&quot;successMessage&quot;:&quot;Tak for din besked. Vi besvarer din henvendelse hurtigst muligt.&quot;,&quot;errorMessage&quot;:&quot;Something went wrong&quot;,&quot;redirect&quot;:true,&quot;redirectUrl&quot;:&quot;https:\\\/\\\/rosenstand-as.dk\\\/tak-for-din-henvendelse\\\/&quot;,&quot;customJavaScript&quot;:&quot;&quot;,&quot;recaptcha&quot;:{&quot;key&quot;:&quot;&quot;,&quot;enabled&quot;:false},&quot;honeypot_enabled&quot;:true,&quot;popupsOnSuccess&quot;:[],&quot;popupsOnError&quot;:[]}\" data-steps=\"0\" >\n  \n  \n  \n<div class=\"breakdance-form-field breakdance-form-field--text\" >\n    \n    \n            <label class=\"breakdance-form-field__label\" for=\"name\">\n            Navn<span class=\"breakdance-form-field__required\">*<\/span>\n        <\/label>\n    \n    <input\n    class=\"breakdance-form-field__input\"\n    id=\"name\"\n    aria-describedby=\"name\"\n    type=\"text\"\n    name=\"fields[name]\"\n    placeholder=\"Navn\"\n    value=\"\"\n                \n        \n        \n    required\n    \n    \n    \n>\n\n\n    \n    \n<\/div>\n\n\n<div class=\"breakdance-form-field breakdance-form-field--email\" >\n    \n    \n            <label class=\"breakdance-form-field__label\" for=\"email\">\n            Email<span class=\"breakdance-form-field__required\">*<\/span>\n        <\/label>\n    \n    <input\n    class=\"breakdance-form-field__input\"\n    id=\"email\"\n    aria-describedby=\"email\"\n    type=\"email\"\n    name=\"fields[email]\"\n    placeholder=\"E-mail\"\n    value=\"\"\n                \n        \n        \n    required\n    \n    \n    \n>\n\n\n    \n    \n<\/div>\n\n\n<div class=\"breakdance-form-field breakdance-form-field--textarea\" >\n    \n    \n            <label class=\"breakdance-form-field__label\" for=\"message\">\n            Besked<span class=\"breakdance-form-field__required\">*<\/span>\n        <\/label>\n    \n    <textarea\n    class=\"breakdance-form-field__input\"\n    id=\"message\"\n    aria-describedby=\"message\"\n    type=\"textarea\"\n    name=\"fields[message]\"\n        rows=\"5\"\n        placeholder=\"Besked\"\n    required\n    >\n<\/textarea>\n\n\n    \n    \n<\/div>\n\n\n<div class=\"breakdance-form-field breakdance-form-field--hpinput\" >\n    \n    \n            <label class=\"breakdance-form-field__label\" for=\"hpname\">\n            HP Name\n        <\/label>\n    \n    <input\n    class=\"breakdance-form-field__input\"\n    id=\"hpname\"\n    aria-describedby=\"hpname\"\n    type=\"hpinput\"\n    name=\"fields[hpname]\"\n    placeholder=\"\"\n    value=\"\"\n                \n        \n        \n    \n    autocomplete=\"off\"\n    tabindex=\"-1\"\n    \n>\n\n\n    \n    \n<\/div>\n\n\n  \n\n<div class=\"breakdance-form-field breakdance-form-footer\">\n    \n    \n                                    \n    \n    \n    \n    \n            \n            <button type=\"submit\" class=\"button-atom button-atom--primary breakdance-form-button breakdance-form-button__submit\"  >\n    \n        <span class=\"button-atom__text\">Send<\/span>\n\n        \n        \n            <\/button>\n    \n    <input type=\"hidden\" name=\"form_id\" value=\"108\">\n    <input type=\"hidden\" name=\"post_id\" value=\"31\">\n<\/div>\n\n  \n<\/form>\n\n\n<\/div>\n<\/div><div class=\"bde-animated-heading-31-107 bde-animated-heading\">\n<h2 class=\"bde-animated-heading__text\">\n\n\t<span class=\"bde-animated-heading__wrapper\"><\/span>\n\n\n\n\n<\/h2>\n\n<noscript>\n      <h2 class=\"bde-animated-heading__noscript\">\n      <span><\/span>\n      Scroll ned\n      <span><\/span>\n    <\/h2>\n  <\/noscript>\n<\/div><\/div>\n<\/section><section class=\"bde-section-31-109 bde-section\">\n  \n  \n\t\n\n\n\n<div class=\"section-container\"><h2 class=\"bde-heading-31-116 bde-heading\" data-entrance=\"slideUp\">\nLokationer\n<\/h2><div class=\"bde-grid-31-118 bde-grid\" data-entrance=\"slideUp\">\n  \n  \n\t\n\n\n\n<div class=\"bde-div-31-200 bde-div\">\n  \n  \n\t\n\n\n\n<div class=\"bde-image-31-201 bde-image\">\n<figure class=\"breakdance-image breakdance-image--1468\">\n\t<div class=\"breakdance-image-container\">\n\t\t<div class=\"breakdance-image-clip\"><img loading=\"lazy\" decoding=\"async\" class=\"breakdance-image-object\" src=\"https:\/\/rosenstand-as.dk\/wp-content\/uploads\/2023\/12\/steen.jpg\" width=\"800\" height=\"800\" srcset=\"https:\/\/rosenstand-as.dk\/wp-content\/uploads\/2023\/12\/steen.jpg 800w, https:\/\/rosenstand-as.dk\/wp-content\/uploads\/2023\/12\/steen-300x300.jpg 300w, https:\/\/rosenstand-as.dk\/wp-content\/uploads\/2023\/12\/steen-150x150.jpg 150w, https:\/\/rosenstand-as.dk\/wp-content\/uploads\/2023\/12\/steen-768x768.jpg 768w, https:\/\/rosenstand-as.dk\/wp-content\/uploads\/2023\/12\/steen-12x12.jpg 12w\" sizes=\"auto, (max-width: 800px) 100vw, 800px\"><\/div>\n\t<\/div><\/figure>\n\n<\/div><div class=\"bde-div-31-202 bde-div\">\n  \n  \n\t\n\n\n\n<h4 class=\"bde-heading-31-203 bde-heading\">\nDanmark\n<\/h4><div class=\"bde-text-31-204 bde-text\">\nRosenstand A\/S<br>Danmarksvej 26<br>8660 Skanderborg<br>Danmark\n<\/div><div class=\"bde-icon-list-31-205 bde-icon-list\">\n<ul>\n  \n              \n    <li>\n                      \n            \n            \n\n    \n    \n    \n    \n    \n    <a class=\"breakdance-link bde-icon-list__item-wrapper\" href=\"https:\/\/maps.google.com\/maps?&daddr=56.0497145,9.9504064\" target=\"_blank\" data-type=\"url\"  >\n\n      \n      <span class='bde-icon-list__icon'>\n        <svg xmlns=\"http:\/\/www.w3.org\/2000\/svg\" viewBox=\"0 0 384 512\"><!-- Font Awesome Free 5.15.1 by @fontawesome - https:\/\/fontawesome.com License - https:\/\/fontawesome.com\/license\/free (Icons: CC BY 4.0, Fonts: SIL OFL 1.1, Code: MIT License) --><path d=\"M172.268 501.67C26.97 291.031 0 269.413 0 192 0 85.961 85.961 0 192 0s192 85.961 192 192c0 77.413-26.97 99.031-172.268 309.67-9.535 13.774-29.93 13.773-39.464 0zM192 272c44.183 0 80-35.817 80-80s-35.817-80-80-80-80 35.817-80 80 35.817 80 80 80z\"\/><\/svg>\n      <\/span>\n      <span class='bde-icon-list__text' >\n      Rutevejledning\n      <\/span>\n                  <\/a>\n\n      \n    <\/li>\n\n  <\/ul>\n\n<\/div><div class=\"bde-div-31-220 bde-div\">\n  \n  \n\t\n\n\n\n<div class=\"bde-text-31-218 bde-text\">\nSteen Rosenstand\n<\/div><a class=\"bde-text-link-31-207 bde-text-link breakdance-link\" href=\"tel:+45 2625 8889\" target=\"_self\" data-type=\"url\">\n  +45 2625 8889\n\n<\/a><a class=\"bde-text-link-31-208 bde-text-link breakdance-link\" href=\"mailto:mail@rosenstand-as.dk\" target=\"_self\" data-type=\"url\">\n  mail@rosenstand-as.dk\n\n<\/a>\n<\/div>\n<\/div>\n<\/div><div class=\"bde-div-31-209 bde-div\">\n  \n  \n\t\n\n\n\n<div class=\"bde-image-31-210 bde-image\">\n<figure class=\"breakdance-image breakdance-image--1469\">\n\t<div class=\"breakdance-image-container\">\n\t\t<div class=\"breakdance-image-clip\"><img loading=\"lazy\" decoding=\"async\" class=\"breakdance-image-object\" src=\"https:\/\/rosenstand-as.dk\/wp-content\/uploads\/2023\/12\/fredrik.jpg\" width=\"800\" height=\"800\" srcset=\"https:\/\/rosenstand-as.dk\/wp-content\/uploads\/2023\/12\/fredrik.jpg 800w, https:\/\/rosenstand-as.dk\/wp-content\/uploads\/2023\/12\/fredrik-300x300.jpg 300w, https:\/\/rosenstand-as.dk\/wp-content\/uploads\/2023\/12\/fredrik-150x150.jpg 150w, https:\/\/rosenstand-as.dk\/wp-content\/uploads\/2023\/12\/fredrik-768x768.jpg 768w, https:\/\/rosenstand-as.dk\/wp-content\/uploads\/2023\/12\/fredrik-12x12.jpg 12w\" sizes=\"auto, (max-width: 800px) 100vw, 800px\"><\/div>\n\t<\/div><\/figure>\n\n<\/div><div class=\"bde-div-31-211 bde-div\">\n  \n  \n\t\n\n\n\n<h4 class=\"bde-heading-31-212 bde-heading\">\nSverige\n<\/h4><div class=\"bde-text-31-213 bde-text\">\nRosenstand A\/S<br>Idrottsv\u00e4gen 12B<br>611 62 Nyk\u00f6ping<br>Sverige\n<\/div><div class=\"bde-icon-list-31-214 bde-icon-list\">\n<ul>\n  \n              \n    <li>\n                      \n            \n            \n\n    \n    \n    \n    \n    \n    <a class=\"breakdance-link bde-icon-list__item-wrapper\" href=\"https:\/\/maps.app.goo.gl\/cdviW5Ua2kZxbEks6\" target=\"_blank\" data-type=\"url\"  >\n\n      \n      <span class='bde-icon-list__icon'>\n        <svg xmlns=\"http:\/\/www.w3.org\/2000\/svg\" viewBox=\"0 0 384 512\"><!-- Font Awesome Free 5.15.1 by @fontawesome - https:\/\/fontawesome.com License - https:\/\/fontawesome.com\/license\/free (Icons: CC BY 4.0, Fonts: SIL OFL 1.1, Code: MIT License) --><path d=\"M172.268 501.67C26.97 291.031 0 269.413 0 192 0 85.961 85.961 0 192 0s192 85.961 192 192c0 77.413-26.97 99.031-172.268 309.67-9.535 13.774-29.93 13.773-39.464 0zM192 272c44.183 0 80-35.817 80-80s-35.817-80-80-80-80 35.817-80 80 35.817 80 80 80z\"\/><\/svg>\n      <\/span>\n      <span class='bde-icon-list__text' >\n      Rutevejledning\n      <\/span>\n                  <\/a>\n\n      \n    <\/li>\n\n  <\/ul>\n\n<\/div><div class=\"bde-div-31-215 bde-div\">\n  \n  \n\t\n\n\n\n<div class=\"bde-text-31-219 bde-text\">\nFredrik Gustavsson\n<\/div><a class=\"bde-text-link-31-131 bde-text-link breakdance-link\" href=\"tel:+46 70 211 94 12\" target=\"_self\" data-type=\"url\">\n  +46 70 211 94 12\n\n<\/a><a class=\"bde-text-link-31-217 bde-text-link breakdance-link\" href=\"mailto:mail@rosenstand-as.dk\" target=\"_self\" data-type=\"url\">\n  mail@rosenstand-as.dk\n\n<\/a>\n<\/div>\n<\/div>\n<\/div>\n<\/div><\/div>\n<\/section>","protected":false},"excerpt":{"rendered":"<p>Forside Solide og effektive mekaniske l\u00f8sninger S\u00f8ger du en ingeni\u00f8rpartner med h\u00e5ndv\u00e6rket i orden? S\u00e5 har du fundet den rette. Ring, skriv eller kig forbi til en snak om konstruering, beregning og CE-m\u00e6rkning af komplekst industriudstyr. Skriv til os Navn* Email* Besked* HP Name Send Scroll ned Lokationer Danmark Rosenstand A\/SDanmarksvej 268660 SkanderborgDanmark Rutevejledning Steen [&hellip;]<\/p>\n","protected":false},"author":4,"featured_media":0,"parent":0,"menu_order":0,"comment_status":"closed","ping_status":"closed","template":"","meta":{"_acf_changed":false,"_breakdance_hide_in_design_set":false,"_breakdance_tags":"","footnotes":""},"class_list":["post-31","page","type-page","status-publish","hentry"],"acf":[],"yoast_head":"<!-- This site is optimized with the Yoast SEO plugin v27.1.1 - https:\/\/yoast.com\/product\/yoast-seo-wordpress\/ -->\n<title>ROSENSTAND - Kontakt<\/title>\n<meta name=\"robots\" content=\"index, follow, max-snippet:-1, max-image-preview:large, max-video-preview:-1\" \/>\n<link rel=\"canonical\" href=\"https:\/\/rosenstand-as.dk\/sv\/kontakta\/\" \/>\n<meta property=\"og:locale\" content=\"sv_SE\" \/>\n<meta property=\"og:type\" content=\"article\" \/>\n<meta property=\"og:title\" content=\"ROSENSTAND - Kontakt\" \/>\n<meta property=\"og:description\" content=\"Forside Solide og effektive mekaniske l\u00f8sninger S\u00f8ger du en ingeni\u00f8rpartner med h\u00e5ndv\u00e6rket i orden? S\u00e5 har du fundet den rette. Ring, skriv eller kig forbi til en snak om konstruering, beregning og CE-m\u00e6rkning af komplekst industriudstyr. Skriv til os Navn* Email* Besked* HP Name Send Scroll ned Lokationer Danmark Rosenstand A\/SDanmarksvej 268660 SkanderborgDanmark Rutevejledning Steen [&hellip;]\" \/>\n<meta property=\"og:url\" content=\"https:\/\/rosenstand-as.dk\/sv\/kontakta\/\" \/>\n<meta property=\"og:site_name\" content=\"ROSENSTAND\" \/>\n<meta property=\"article:modified_time\" content=\"2026-01-12T08:01:10+00:00\" \/>\n<meta name=\"twitter:card\" content=\"summary_large_image\" \/>\n<script type=\"application\/ld+json\" class=\"yoast-schema-graph\">{\"@context\":\"https:\/\/schema.org\",\"@graph\":[{\"@type\":\"WebPage\",\"@id\":\"https:\/\/rosenstand-as.dk\/kontakt\/\",\"url\":\"https:\/\/rosenstand-as.dk\/kontakt\/\",\"name\":\"ROSENSTAND - Kontakt\",\"isPartOf\":{\"@id\":\"https:\/\/rosenstand-as.dk\/#website\"},\"datePublished\":\"2023-12-11T10:25:08+00:00\",\"dateModified\":\"2026-01-12T08:01:10+00:00\",\"breadcrumb\":{\"@id\":\"https:\/\/rosenstand-as.dk\/kontakt\/#breadcrumb\"},\"inLanguage\":\"sv-SE\",\"potentialAction\":[{\"@type\":\"ReadAction\",\"target\":[\"https:\/\/rosenstand-as.dk\/kontakt\/\"]}]},{\"@type\":\"BreadcrumbList\",\"@id\":\"https:\/\/rosenstand-as.dk\/kontakt\/#breadcrumb\",\"itemListElement\":[{\"@type\":\"ListItem\",\"position\":1,\"name\":\"Forside\",\"item\":\"https:\/\/rosenstand-as.dk\/\"},{\"@type\":\"ListItem\",\"position\":2,\"name\":\"Kontakt\"}]},{\"@type\":\"WebSite\",\"@id\":\"https:\/\/rosenstand-as.dk\/#website\",\"url\":\"https:\/\/rosenstand-as.dk\/\",\"name\":\"ROSENSTAND\",\"description\":\"Engineering\",\"potentialAction\":[{\"@type\":\"SearchAction\",\"target\":{\"@type\":\"EntryPoint\",\"urlTemplate\":\"https:\/\/rosenstand-as.dk\/?s={search_term_string}\"},\"query-input\":{\"@type\":\"PropertyValueSpecification\",\"valueRequired\":true,\"valueName\":\"search_term_string\"}}],\"inLanguage\":\"sv-SE\"}]}<\/script>\n<!-- \/ Yoast SEO plugin. -->","yoast_head_json":{"title":"ROSENSTAND - Kontakt","robots":{"index":"index","follow":"follow","max-snippet":"max-snippet:-1","max-image-preview":"max-image-preview:large","max-video-preview":"max-video-preview:-1"},"canonical":"https:\/\/rosenstand-as.dk\/sv\/kontakta\/","og_locale":"sv_SE","og_type":"article","og_title":"ROSENSTAND - Kontakt","og_description":"Forside Solide og effektive mekaniske l\u00f8sninger S\u00f8ger du en ingeni\u00f8rpartner med h\u00e5ndv\u00e6rket i orden? S\u00e5 har du fundet den rette. Ring, skriv eller kig forbi til en snak om konstruering, beregning og CE-m\u00e6rkning af komplekst industriudstyr. Skriv til os Navn* Email* Besked* HP Name Send Scroll ned Lokationer Danmark Rosenstand A\/SDanmarksvej 268660 SkanderborgDanmark Rutevejledning Steen [&hellip;]","og_url":"https:\/\/rosenstand-as.dk\/sv\/kontakta\/","og_site_name":"ROSENSTAND","article_modified_time":"2026-01-12T08:01:10+00:00","twitter_card":"summary_large_image","schema":{"@context":"https:\/\/schema.org","@graph":[{"@type":"WebPage","@id":"https:\/\/rosenstand-as.dk\/kontakt\/","url":"https:\/\/rosenstand-as.dk\/kontakt\/","name":"ROSENSTAND - Kontakt","isPartOf":{"@id":"https:\/\/rosenstand-as.dk\/#website"},"datePublished":"2023-12-11T10:25:08+00:00","dateModified":"2026-01-12T08:01:10+00:00","breadcrumb":{"@id":"https:\/\/rosenstand-as.dk\/kontakt\/#breadcrumb"},"inLanguage":"sv-SE","potentialAction":[{"@type":"ReadAction","target":["https:\/\/rosenstand-as.dk\/kontakt\/"]}]},{"@type":"BreadcrumbList","@id":"https:\/\/rosenstand-as.dk\/kontakt\/#breadcrumb","itemListElement":[{"@type":"ListItem","position":1,"name":"Forside","item":"https:\/\/rosenstand-as.dk\/"},{"@type":"ListItem","position":2,"name":"Kontakt"}]},{"@type":"WebSite","@id":"https:\/\/rosenstand-as.dk\/#website","url":"https:\/\/rosenstand-as.dk\/","name":"ROSENSTAND","description":"Engineering","potentialAction":[{"@type":"SearchAction","target":{"@type":"EntryPoint","urlTemplate":"https:\/\/rosenstand-as.dk\/?s={search_term_string}"},"query-input":{"@type":"PropertyValueSpecification","valueRequired":true,"valueName":"search_term_string"}}],"inLanguage":"sv-SE"}]}},"_links":{"self":[{"href":"https:\/\/rosenstand-as.dk\/sv\/wp-json\/wp\/v2\/pages\/31","targetHints":{"allow":["GET"]}}],"collection":[{"href":"https:\/\/rosenstand-as.dk\/sv\/wp-json\/wp\/v2\/pages"}],"about":[{"href":"https:\/\/rosenstand-as.dk\/sv\/wp-json\/wp\/v2\/types\/page"}],"author":[{"embeddable":true,"href":"https:\/\/rosenstand-as.dk\/sv\/wp-json\/wp\/v2\/users\/4"}],"replies":[{"embeddable":true,"href":"https:\/\/rosenstand-as.dk\/sv\/wp-json\/wp\/v2\/comments?post=31"}],"version-history":[{"count":131,"href":"https:\/\/rosenstand-as.dk\/sv\/wp-json\/wp\/v2\/pages\/31\/revisions"}],"predecessor-version":[{"id":3303,"href":"https:\/\/rosenstand-as.dk\/sv\/wp-json\/wp\/v2\/pages\/31\/revisions\/3303"}],"wp:attachment":[{"href":"https:\/\/rosenstand-as.dk\/sv\/wp-json\/wp\/v2\/media?parent=31"}],"curies":[{"name":"wp","href":"https:\/\/api.w.org\/{rel}","templated":true}]}}