{"id":33,"date":"2023-12-11T11:25:14","date_gmt":"2023-12-11T10:25:14","guid":{"rendered":"https:\/\/rosenstand.dev2.webko.io\/?page_id=33"},"modified":"2024-02-28T08:30:38","modified_gmt":"2024-02-28T07:30:38","slug":"integritetspolicy","status":"publish","type":"page","link":"https:\/\/rosenstand-as.dk\/sv\/privatlivspolitik\/","title":{"rendered":"Integritetspolicy"},"content":{"rendered":"<section class=\"bde-section-33-108 bde-section\">\n  \n  \n\t\n\n\n\n<div class=\"section-container\"><div class=\"bde-div-33-109 bde-div\" data-entrance=\"slideUp\">\n  \n  \n\t\n\n\n\n<div class=\"bde-breadcrumbs-33-110 bde-breadcrumbs\"><span><span><a href=\"https:\/\/rosenstand-as.dk\/sv\/\">Startsida<\/a><\/span><\/span><\/div><h1 class=\"bde-heading-33-111 bde-heading\">\nCookie- och integritetspolicy<br>\n<\/h1>\n<\/div><\/div>\n<\/section><section class=\"bde-section-33-113 bde-section\">\n  \n  \n\t\n\n\n\n<div class=\"section-container\"><div class=\"bde-rich-text-33-114 bde-rich-text breakdance-rich-text-styles\">\n<h3 class=\"s5\"><span class=\"s4\">Cookies<\/span><\/h3><p>Rosenstand-as.dk anv\u00e4nder cookies. Det inneb\u00e4r att en mindre textfil lagras p\u00e5 din dator, surfplatta eller mobil n\u00e4r du bes\u00f6ker webbplatsen. Filen hj\u00e4lper enbart till att komma ih\u00e5g inst\u00e4llningar och utf\u00f6ra statistik, den inneh\u00e5ller inte virus eller annat skadligt.<\/p><h3>\u00a0<\/h3><h3 class=\"s5\"><span class=\"s4\">Data<\/span><\/h3><p class=\"s5\">Webbplatsen samlar in tekniska data (t.ex. IP-nummer, geografisk plats och bes\u00f6kta sidor) som vi anv\u00e4nder f\u00f6r att optimera och f\u00f6rb\u00e4ttra v\u00e5rt inneh\u00e5ll.<\/p><p>Vi behandlar alla uppgifter i enlighet med dataskyddsf\u00f6rordningen och dataskyddslagen.<\/p><p>Det betyder bland annat att dina uppgifter endast anv\u00e4nds f\u00f6r det \u00e4ndam\u00e5l de samlats in f\u00f6r och raderas n\u00e4r \u00e4ndam\u00e5let \u00e4r uppfyllt eller inte l\u00e4ngre \u00e4r relevant.<\/p><h3>\u00a0<\/h3><h3 class=\"s5 translation-block\">Lagring och utl\u00e4mnande<\/h3><p>Vi sparar data under den tidsperiod som \u00e4r till\u00e5ten enligt lagen.<\/p><p>Vi varken s\u00e4ljer eller l\u00e4mnar ut data till tredje part.<\/p><h3>\u00a0<\/h3><h3 class=\"s5\"><span class=\"s4\">Insyn och klagom\u00e5l<\/span><\/h3><p>Du har n\u00e4r som helst r\u00e4tt att veta exakt vilka uppgifter vi har samlat in om dig. Du har ocks\u00e5 r\u00e4tt att f\u00e5 felaktiga uppgifter r\u00e4ttade och att \u00e5terkalla ditt samtycke.<\/p><p>Skicka ett mail till <a href=\"mailto:mail@rosenstand-as.dk\"><span class=\"s6\">mailto:mail@rosenstand-as.dk<\/span><\/a>, om du har n\u00e5gra inv\u00e4ndningar eller fr\u00e5gor.<\/p><p>Om du vill klaga p\u00e5 v\u00e5r databehandling kan du v\u00e4nda dig till Integritetsskyddsmyndigheten (IMY).<\/p><h3>\u00a0<\/h3><h3 class=\"s5\"><span class=\"s4\">\u00c4gande<\/span><\/h3><p>Webbplatsen \u00e4gs och drivs av:<br \/>Rosenstand - Danmark<br \/>Danmarksvej 26<br \/>8660 Skanderborg<\/p><p>\u00a0<\/p>\n<\/div><\/div>\n<\/section>","protected":false},"excerpt":{"rendered":"<p>Forside Cookie- og privatlivspolitik CookiesRosenstand-as.dk bruger cookies. Det betyder, at der bliver gemt en mindre tekstfil p\u00e5 din computer, tablet eller mobil, n\u00e5r du bes\u00f8ger hjemmesiden. Filen hj\u00e6lper udelukkende med at huske indstillinger og udf\u00f8re statistik, den indeholder ikke virus eller andet skadeligt.\u00a0DataHjemmesiden indsamler teknisk data (fx IP-nummer, geografisk placering og bes\u00f8gte sider), som vi [&hellip;]<\/p>\n","protected":false},"author":4,"featured_media":0,"parent":0,"menu_order":0,"comment_status":"closed","ping_status":"closed","template":"","meta":{"_acf_changed":false,"_breakdance_hide_in_design_set":false,"_breakdance_tags":"","footnotes":""},"class_list":["post-33","page","type-page","status-publish","hentry"],"acf":[],"yoast_head":"<!-- This site is optimized with the Yoast SEO plugin v27.1.1 - https:\/\/yoast.com\/product\/yoast-seo-wordpress\/ -->\n<title>ROSENSTAND - Privatlivspolitik<\/title>\n<meta name=\"robots\" content=\"index, follow, max-snippet:-1, max-image-preview:large, max-video-preview:-1\" \/>\n<link rel=\"canonical\" href=\"https:\/\/rosenstand-as.dk\/sv\/integritetspolicy\/\" \/>\n<meta property=\"og:locale\" content=\"sv_SE\" \/>\n<meta property=\"og:type\" content=\"article\" \/>\n<meta property=\"og:title\" content=\"ROSENSTAND - Privatlivspolitik\" \/>\n<meta property=\"og:description\" content=\"Forside Cookie- og privatlivspolitik CookiesRosenstand-as.dk bruger cookies. Det betyder, at der bliver gemt en mindre tekstfil p\u00e5 din computer, tablet eller mobil, n\u00e5r du bes\u00f8ger hjemmesiden. Filen hj\u00e6lper udelukkende med at huske indstillinger og udf\u00f8re statistik, den indeholder ikke virus eller andet skadeligt.\u00a0DataHjemmesiden indsamler teknisk data (fx IP-nummer, geografisk placering og bes\u00f8gte sider), som vi [&hellip;]\" \/>\n<meta property=\"og:url\" content=\"https:\/\/rosenstand-as.dk\/sv\/integritetspolicy\/\" \/>\n<meta property=\"og:site_name\" content=\"ROSENSTAND\" \/>\n<meta property=\"article:modified_time\" content=\"2024-02-28T07:30:38+00:00\" \/>\n<meta name=\"twitter:card\" content=\"summary_large_image\" \/>\n<script type=\"application\/ld+json\" class=\"yoast-schema-graph\">{\"@context\":\"https:\/\/schema.org\",\"@graph\":[{\"@type\":\"WebPage\",\"@id\":\"https:\/\/rosenstand-as.dk\/privatlivspolitik\/\",\"url\":\"https:\/\/rosenstand-as.dk\/privatlivspolitik\/\",\"name\":\"ROSENSTAND - Privatlivspolitik\",\"isPartOf\":{\"@id\":\"https:\/\/rosenstand-as.dk\/#website\"},\"datePublished\":\"2023-12-11T10:25:14+00:00\",\"dateModified\":\"2024-02-28T07:30:38+00:00\",\"breadcrumb\":{\"@id\":\"https:\/\/rosenstand-as.dk\/privatlivspolitik\/#breadcrumb\"},\"inLanguage\":\"sv-SE\",\"potentialAction\":[{\"@type\":\"ReadAction\",\"target\":[\"https:\/\/rosenstand-as.dk\/privatlivspolitik\/\"]}]},{\"@type\":\"BreadcrumbList\",\"@id\":\"https:\/\/rosenstand-as.dk\/privatlivspolitik\/#breadcrumb\",\"itemListElement\":[{\"@type\":\"ListItem\",\"position\":1,\"name\":\"Forside\",\"item\":\"https:\/\/rosenstand-as.dk\/\"},{\"@type\":\"ListItem\",\"position\":2,\"name\":\"Privatlivspolitik\"}]},{\"@type\":\"WebSite\",\"@id\":\"https:\/\/rosenstand-as.dk\/#website\",\"url\":\"https:\/\/rosenstand-as.dk\/\",\"name\":\"ROSENSTAND\",\"description\":\"Engineering\",\"potentialAction\":[{\"@type\":\"SearchAction\",\"target\":{\"@type\":\"EntryPoint\",\"urlTemplate\":\"https:\/\/rosenstand-as.dk\/?s={search_term_string}\"},\"query-input\":{\"@type\":\"PropertyValueSpecification\",\"valueRequired\":true,\"valueName\":\"search_term_string\"}}],\"inLanguage\":\"sv-SE\"}]}<\/script>\n<!-- \/ Yoast SEO plugin. -->","yoast_head_json":{"title":"ROSENSTAND - Privatlivspolitik","robots":{"index":"index","follow":"follow","max-snippet":"max-snippet:-1","max-image-preview":"max-image-preview:large","max-video-preview":"max-video-preview:-1"},"canonical":"https:\/\/rosenstand-as.dk\/sv\/integritetspolicy\/","og_locale":"sv_SE","og_type":"article","og_title":"ROSENSTAND - Privatlivspolitik","og_description":"Forside Cookie- og privatlivspolitik CookiesRosenstand-as.dk bruger cookies. Det betyder, at der bliver gemt en mindre tekstfil p\u00e5 din computer, tablet eller mobil, n\u00e5r du bes\u00f8ger hjemmesiden. Filen hj\u00e6lper udelukkende med at huske indstillinger og udf\u00f8re statistik, den indeholder ikke virus eller andet skadeligt.\u00a0DataHjemmesiden indsamler teknisk data (fx IP-nummer, geografisk placering og bes\u00f8gte sider), som vi [&hellip;]","og_url":"https:\/\/rosenstand-as.dk\/sv\/integritetspolicy\/","og_site_name":"ROSENSTAND","article_modified_time":"2024-02-28T07:30:38+00:00","twitter_card":"summary_large_image","schema":{"@context":"https:\/\/schema.org","@graph":[{"@type":"WebPage","@id":"https:\/\/rosenstand-as.dk\/privatlivspolitik\/","url":"https:\/\/rosenstand-as.dk\/privatlivspolitik\/","name":"ROSENSTAND - Privatlivspolitik","isPartOf":{"@id":"https:\/\/rosenstand-as.dk\/#website"},"datePublished":"2023-12-11T10:25:14+00:00","dateModified":"2024-02-28T07:30:38+00:00","breadcrumb":{"@id":"https:\/\/rosenstand-as.dk\/privatlivspolitik\/#breadcrumb"},"inLanguage":"sv-SE","potentialAction":[{"@type":"ReadAction","target":["https:\/\/rosenstand-as.dk\/privatlivspolitik\/"]}]},{"@type":"BreadcrumbList","@id":"https:\/\/rosenstand-as.dk\/privatlivspolitik\/#breadcrumb","itemListElement":[{"@type":"ListItem","position":1,"name":"Forside","item":"https:\/\/rosenstand-as.dk\/"},{"@type":"ListItem","position":2,"name":"Privatlivspolitik"}]},{"@type":"WebSite","@id":"https:\/\/rosenstand-as.dk\/#website","url":"https:\/\/rosenstand-as.dk\/","name":"ROSENSTAND","description":"Engineering","potentialAction":[{"@type":"SearchAction","target":{"@type":"EntryPoint","urlTemplate":"https:\/\/rosenstand-as.dk\/?s={search_term_string}"},"query-input":{"@type":"PropertyValueSpecification","valueRequired":true,"valueName":"search_term_string"}}],"inLanguage":"sv-SE"}]}},"_links":{"self":[{"href":"https:\/\/rosenstand-as.dk\/sv\/wp-json\/wp\/v2\/pages\/33","targetHints":{"allow":["GET"]}}],"collection":[{"href":"https:\/\/rosenstand-as.dk\/sv\/wp-json\/wp\/v2\/pages"}],"about":[{"href":"https:\/\/rosenstand-as.dk\/sv\/wp-json\/wp\/v2\/types\/page"}],"author":[{"embeddable":true,"href":"https:\/\/rosenstand-as.dk\/sv\/wp-json\/wp\/v2\/users\/4"}],"replies":[{"embeddable":true,"href":"https:\/\/rosenstand-as.dk\/sv\/wp-json\/wp\/v2\/comments?post=33"}],"version-history":[{"count":5,"href":"https:\/\/rosenstand-as.dk\/sv\/wp-json\/wp\/v2\/pages\/33\/revisions"}],"predecessor-version":[{"id":2968,"href":"https:\/\/rosenstand-as.dk\/sv\/wp-json\/wp\/v2\/pages\/33\/revisions\/2968"}],"wp:attachment":[{"href":"https:\/\/rosenstand-as.dk\/sv\/wp-json\/wp\/v2\/media?parent=33"}],"curies":[{"name":"wp","href":"https:\/\/api.w.org\/{rel}","templated":true}]}}